{"id":575,"date":"2016-08-02T15:03:24","date_gmt":"2016-08-02T15:03:24","guid":{"rendered":"http:\/\/fundacionrafaelperezestrada.com\/?page_id=575"},"modified":"2018-11-30T11:41:16","modified_gmt":"2018-11-30T11:41:16","slug":"premio-de-aforismos","status":"publish","type":"page","link":"https:\/\/fundacionrafaelperezestrada.com\/index.php\/premio-de-aforismos\/","title":{"rendered":"PREMIO DE AFORISMOS"},"content":{"rendered":"<p>[vc_row css=\u00bb.vc_custom_1470150319453{margin-top: 0px !important;margin-right: 20px !important;margin-bottom: 0px !important;margin-left: 20px !important;border-top-width: 0px !important;border-right-width: 0px !important;border-bottom-width: 0px !important;border-left-width: 0px !important;padding-top: 0px !important;padding-right: 0px !important;padding-bottom: 0px !important;padding-left: 0px !important;}\u00bb][vc_column css=\u00bb.vc_custom_1450613073543{margin-top: 0px !important;margin-right: 0px !important;margin-bottom: 0px !important;margin-left: 0px !important;border-top-width: 0px !important;border-right-width: 0px !important;border-bottom-width: 0px !important;border-left-width: 0px !important;padding-top: 0px !important;padding-right: 0px !important;padding-bottom: 0px !important;padding-left: 0px !important;}\u00bb][vc_column_text css_animation=\u00bbbottom-to-top\u00bb css=\u00bb.vc_custom_1538292856295{margin-top: 0px !important;margin-bottom: 0px !important;border-top-width: 0px !important;border-bottom-width: 0px !important;padding-top: 20px !important;padding-right: 20px !important;padding-bottom: 20px !important;}\u00bb]<\/p>\n<h1 style=\"text-align: center;\"><span style=\"color: #d28500;\">Bases del\u00a0Tercer\u00a0Premio <\/span><\/h1>\n<h1 style=\"text-align: center;\"><span style=\"color: #d28500;\">Rafael P\u00e9rez Estrada de Aforismos 2018<\/span><\/h1>\n<p>[\/vc_column_text][vc_column_text css_animation=\u00bbbottom-to-top\u00bb css=\u00bb.vc_custom_1538292753506{margin-top: 0px !important;border-top-width: 0px !important;padding-top: 0px !important;padding-right: 20px !important;}\u00bb]La Fundaci\u00f3n P\u00fablica Local \u201cRafael P\u00e9rez Estrada\u201d convoca la tercera edici\u00f3n del PREMIO RAFAEL PEREZ ESTRADA DE AFORISMOS 2018.<\/p>\n<p>1. OBJETO<\/p>\n<p>Podr\u00e1n optar a este premio las obras in\u00e9ditas escritas en lengua castellana que no hayan sido premiadas anteriormente en ning\u00fan otro concurso. El autor de la obra presentada garantizar\u00e1 su autor\u00eda y originalidad. Las obras deber\u00e1n contar con 34 aforismos cuya tem\u00e1tica debe ser sobre <strong>LAS NUBES<\/strong>.<\/p>\n<p>2. BENEFICIARIOS<\/p>\n<p>Podr\u00e1n concurrir a este premio todos los autores de cualquier edad y nacionalidad, cuyas obras re\u00fanan los requisitos que se establecen en el punto anterior, no hayan sido condenadas mediante sentencia firme a pena de p\u00e9rdida de la posibilidad de obtener subvenciones o ayudas p\u00fablicas, o sancionadas por resoluci\u00f3n firme por el mismo motivo, tener residencia fiscal en territorio considerado reglamentariamente como para\u00edso fiscal y est\u00e9n al corriente en sus obligaciones tributarias y con la Seguridad Social.<\/p>\n<p>La presentaci\u00f3n a este Premio Literario supone la aceptaci\u00f3n y cumplimiento de estos requisitos y de la totalidad de las obligaciones establecidas en las presentes Bases.<\/p>\n<p>3. DOTACI\u00d3N DEL PREMIO<\/p>\n<p>El premio consiste en <strong>la publicaci\u00f3n de la obra y una dotaci\u00f3n econ\u00f3mica de 1.500 euros<\/strong>. El ganador\/a tendr\u00e1 derecho a recibir veinte ejemplares de su obra. Los participantes autorizan expresamente y sin contraprestaci\u00f3n econ\u00f3mica a la Fundaci\u00f3n P\u00e9rez Estrada, a la reproducci\u00f3n, publicaci\u00f3n, edici\u00f3n, distribuci\u00f3n, audici\u00f3n, exhibici\u00f3n y proyecci\u00f3n de su obra, actividades referidas siempre a la promoci\u00f3n cultural y art\u00edstica que pretende esta convocatoria.<br \/>\nLa dotaci\u00f3n del premio est\u00e1 sujeta a las respectivas retenciones fiscales establecidas por la ley vigente.<\/p>\n<p>4. PRESENTACI\u00d3N DE LA OBRA Y DOCUMENTACI\u00d3N<\/p>\n<p>Los autores que opten al III PREMIO RAFAEL P\u00c9REZ ESTRADA DE AFORISMOS 2018 tendr\u00e1n que seguir las indicaciones y aportar la informaci\u00f3n que se detalla a continuaci\u00f3n:<\/p>\n<p>Las obras se presentar\u00e1n mediante correo electr\u00f3nico a:<br \/>\n<strong>fundacionrafaelperezestrada@gmail.com<\/strong><\/p>\n<p>La participaci\u00f3n ser\u00e1, obligatoriamente, con el sistema de plica. Los autores enviar\u00e1n los siguientes archivos:<\/p>\n<p>&#8211; Un archivo en formato PDF de la obra en el que conste en la segunda p\u00e1gina en letras may\u00fasculas el t\u00edtulo de la obra y el seud\u00f3nimo. La obra deber\u00e1 estar escrita a doble espacio utilizando letra Arial tama\u00f1o 12.<br \/>\n&#8211; El segundo archivo en formato PDF ser\u00e1 la plica, que figura en Anexo I, en el que se indica el T\u00edtulo de la obra y seud\u00f3nimo, nombre y apellidos del autor, tel\u00e9fono y mail de contacto.<br \/>\n&#8211; El tercero ser\u00e1 el DNI, o NIE, Pasaporte o documento identificativo oficial del solicitante, escaneado \u00edntegramente en cualquiera de los siguientes formatos: pdf, jpg, png o gif. Mediante este documento se acreditar\u00e1, de forma provisional hasta el fallo del Jurado, la identidad del solicitante.<br \/>\n&#8211; Los participantes menores de edad deber\u00e1n presentar autorizaci\u00f3n y fotocopia del DNI del padre, madre o tutor\/a en el que manifieste su conformidad de la participaci\u00f3n del menor en el presente Premio.<\/p>\n<p>Estos tres \u2012o en su caso cuatro\u2012 archivos son imprescindibles para la admisi\u00f3n de la solicitud, que consta en Anexo I. Tambi\u00e9n podr\u00e1n presentarse las solicitudes por cualquiera de los medios establecidos en el art\u00edculo 38.4 de la Ley 30\/92, de 26 de noviembre, de acuerdo con la Disposici\u00f3n Derogatoria \u00fanica, apartado 1, \u00faltimo p\u00e1rrafo de la Ley 39\/2015, de 1 de octubre Procedimiento Administrativo Com\u00fan de las Administraciones P\u00fablicas, dirigida a Fundaci\u00f3n P\u00fablica Municipal Rafael P\u00e9rez Estrada, Casa Gerald Brenan, Calle Torremolinos 56, Churriana 29140, M\u00e1laga.<\/p>\n<p>La participaci\u00f3n en el premio ser\u00e1 de forma individual o colectiva, las obras presentadas podr\u00e1n ser realizadas de manera conjunta por varios participantes, lo que se denominar\u00e1 \u201cObra Colectiva\u201d, en cuyo caso deber\u00e1n aportar los documentos de cada uno de los participantes indicando \u201cobra colectiva\u201d.<\/p>\n<p>El env\u00edo de la obra, fuera de plazo, siendo defectuosa, faltando parte de la informaci\u00f3n o cualquiera de los ficheros que obligatoriamente han de ser adjuntados ser\u00e1 causa autom\u00e1tica de exclusi\u00f3n sin comunicaci\u00f3n alguna al interesado. Tambi\u00e9n ser\u00e1 excluido cualquier trabajo que haya sido premiado en otro concurso o certamen.<\/p>\n<p>Los participantes tras su inscripci\u00f3n facultan expresamente a la Fundaci\u00f3n P\u00fablica Local P\u00e9rez Estrada para que, una vez emitido el fallo del Jurado, se compruebe el requisito establecido en el apartado 2 de estar al corriente en sus obligaciones tributarias y con la Seguridad Social.<\/p>\n<p>Tambi\u00e9n una vez emitido el fallo del Jurado, si el autor premiado no es nacional espa\u00f1ol y\/o no es residente fiscal en Espa\u00f1a, tendr\u00e1 que aportar el certificado de residencia emitido por la autoridad fiscal de su pa\u00eds a fin de evitar la doble imposici\u00f3n internacional en materia de retenciones tributarias.<\/p>\n<p>Los Anexos II, III y IV de estas Bases ser\u00e1n requeridos solo al autor premiado por el fallo del Jurado. Se realizar\u00e1 por escrito dirigido al mismo y ser\u00e1n aportados en el plazo de diez d\u00edas. La no aportaci\u00f3n de esta documentaci\u00f3n fiscal por el ganador del Premio o la comprobaci\u00f3n posterior de no reunir los requisitos establecidos por la Ley ser\u00e1 causa de exclusi\u00f3n autom\u00e1tica del mismo.<\/p>\n<p>Los originales, a excepci\u00f3n del premiado, ser\u00e1n destruidos una vez transcurrido el plazo de tres meses desde hacerse p\u00fablica la concesi\u00f3n del premio, y no se mantendr\u00e1 correspondencia con los autores.<\/p>\n<p>5. PRESENTACION DE SOLICITUDES Y PLAZO<\/p>\n<p>La solicitud de participaci\u00f3n en modelo que figura en Anexo I, con los ficheros adjuntos descritos en el apartado 4 de estas Bases, deber\u00e1 ser presentada entre los d\u00edas <strong>30 de septiembre al 31 de octubre de 2018<\/strong>.<\/p>\n<p>6. CONSTITUCION DEL JURADO Y FALLO<\/p>\n<p>El jurado estar\u00e1 compuesto por profesionales de reconocido prestigio en el mundo de las letras y\/o vinculados con la Fundaci\u00f3n Rafael P\u00e9rez Estrada. La gerente de la Fundaci\u00f3n que actuar\u00e1 como Secretaria, participar\u00e1 con voz pero sin voto. La concesi\u00f3n del premio corresponder\u00e1 a la Fundaci\u00f3n P\u00e9rez Estrada, su entrega se anunciar\u00e1 de forma p\u00fablica, y se realizar\u00e1 en sesi\u00f3n p\u00fablica de la Fundaci\u00f3n para conocimiento general.<\/p>\n<p>El Jurado propondr\u00e1 la obra ganadora al Presidente de la Fundaci\u00f3n, previamente a la concesi\u00f3n del premio, como ha quedado expuesto en los apartados 2 y 4, se comprobar\u00e1 por la Fundaci\u00f3n, y\/o el autor deber\u00e1 acreditar que re\u00fane los requisitos legales establecidos para la concesi\u00f3n del premio y aportar la cuenta bancaria de su titularidad para el pago del premio.<\/p>\n<p>Las deliberaciones del Jurado son secretas, no establecer\u00e1 comunicaci\u00f3n alguna con ning\u00fan participante y su fallo ser\u00e1 inapelable. En ning\u00fan caso podr\u00e1 otorgarse el premio a dos obras ex aequo.<\/p>\n<p>Para la v\u00e1lida constituci\u00f3n del jurado se requerir\u00e1 la asistencia, presencial o a distancia del Presidente, Secretario y la mitad al menos de sus miembros. En caso de la imposibilidad de comparecer presencialmente \u2013por un motivo justificado\u2012 alg\u00fan miembro del jurado en la reuni\u00f3n de deliberaci\u00f3n del ganador del premio, podr\u00e1 participar en las deliberaciones a distancia cuando se asegure por los medios electr\u00f3nicos, telef\u00f3nicos o audiovisuales el contenido de sus manifestaciones (correo electr\u00f3nico, tel\u00e9fono o por medios como Skype por ejemplo).<\/p>\n<p>Los miembros del Jurado o el ganador no pueden dar a conocer el fallo de forma unilateral sino en el momento en que la Fundaci\u00f3n P\u00fablica Local P\u00e9rez Estrada lo haga p\u00fablico mediante acto solemne, que coincidir\u00e1, posiblemente, con el d\u00eda en que sea otorgado el premio.<\/p>\n<p>7. ACEPTACI\u00d3N DE LAS BASES POR LOS INTERESADOS Y DETERMINACI\u00d3N DEL FUERO.<\/p>\n<p>La presentaci\u00f3n a este certamen literario no genera derecho alguno a sus participantes hasta tanto haya sido otorgado el premio por la Fundaci\u00f3n Local P\u00e9rez Estrada.<\/p>\n<p>Los efectos de todos los actos de tr\u00e1mite en esta Convocatoria se entender\u00e1n condicionados a que, al concederse el premio, subsistan las mismas circunstancias de hecho y de derecho existentes en el momento en que fueron producidos dichos actos.<\/p>\n<p>Las publicaciones que conllevan la convocatoria del premio Rafael P\u00e9rez Estrada de Aforismos, entre otras las bases de la convocatoria, fechas de desarrollo, as\u00ed como el premiado, se realizar\u00e1n en la p\u00e1gina web de la fundaci\u00f3n: www.fundacionrafaelperezestrada.com<\/p>\n<p>La presentaci\u00f3n a este Premio Literario supone la aceptaci\u00f3n de las presentes Bases, y el compromiso del autor de no retirar la obra antes del fallo, aceptar el premio si le fuera concedido, o reintegrarlo si no se cumplen cualesquiera de los requisitos que se establecen en la convocatoria, as\u00ed como suscribir cuantos documentos fueran necesarios para el cumplimiento de estas Bases, y a aceptar que la difusi\u00f3n o reproducci\u00f3n de la obra en el marco del presente concurso no lesiona ni perjudicar\u00e1 derecho alguno de propiedad intelectual del participante.<\/p>\n<p>Para cualquier controversia que hubiera de dirimirse por v\u00eda judicial las partes renuncian a su propio fuero y se someten a los Juzgados y Tribunales de M\u00e1laga.<\/p>\n<p><a href=\"https:\/\/fundacionrafaelperezestrada.com\/wp-content\/uploads\/2016\/08\/Anexos.doc\">Anexos<\/a>[\/vc_column_text][\/vc_column][vc_column][vc_custom_heading text=\u00bbRESOLUCI\u00d3N<br \/>\nIII PREMIO AFORISMOS RAFAEL P\u00c9REZ ESTRADA\u00bb][vc_column_text]<\/p>\n<h2><strong>La poeta malague\u00f1a Virginia Aguilar Bautista se alza con el III Premio de Aforismos Rafael P\u00e9rez Estrada<\/strong><\/h2>\n<p><strong><em>De las nubes<\/em> es el t\u00edtulo de la obra ganadora que se ha impuesto por conjugar la calidad literaria, la intensidad po\u00e9tica, el ingenio, el humor y la imaginaci\u00f3n creativa propios de la literatura perezestradiana. Esta tercera edici\u00f3n del premio ha vuelto a contar con el apoyo y el patrocinio de la Fundaci\u00f3n Unicaja.<\/strong><\/p>\n<p>Bajo el seud\u00f3nimo de Pampaneira se escond\u00eda la poeta malague\u00f1a Virginia Aguilar Bautista que present\u00f3 su obra De las nubes a esta tercera edici\u00f3n del Premio de Aforismos Rafael P\u00e9rez Estrada. El fallo del premio se resolvi\u00f3 el pasado 23 de noviembre en una reuni\u00f3n formal del jurado compuesto por Jes\u00fas Aguado, Jos\u00e9 Infante, Francisco Ruiz Noguera, Mar\u00eda Jos\u00e9 Vergara P\u00e9rez y Francisco Ca\u00f1adas en representaci\u00f3n de Fundaci\u00f3n Unicaja. Adem\u00e1s se cont\u00f3 con las votaciones telem\u00e1ticas de Aurora Luque y con la participaci\u00f3n de Ana Cabello, gerente de la Fundaci\u00f3n Rafael P\u00e9rez Estrada, con voz y sin voto.<\/p>\n<p>El jurado ha destacado de la obra ganadora la extrema concisi\u00f3n de los aforismos cuyo car\u00e1cter l\u00fadico, a\u00e9reo, vaporoso y ef\u00edmero, los convierten per se en met\u00e1foras textuales de de las nubes que acertadamente evocan. As\u00ed mismo, hay que subrayar su gran potencia l\u00edrica y poder sugestivo muy al estilo de los aforismos de Rafael P\u00e9rez Estrada.<\/p>\n<p>Este a\u00f1o el tema elegido dentro del universo perezestradiano eran las nubes y se han recibido un total 123 manuscritos, procedentes en su mayor\u00eda de Espa\u00f1a e Hispanomam\u00e9rica. El premio est\u00e1 dotado con 1.500 euros y la publicaci\u00f3n del libro y es posible gracias al convenio de colaboraci\u00f3n firmado entre la Fundaci\u00f3n Unicaja y la Fundaci\u00f3n Rafael P\u00e9rez Estrada.<\/p>\n<p>Virginia Aguilar Bautista es la primera mujer en obtener el galard\u00f3n. En la primera edici\u00f3n, cuyo tema eran los \u00e1ngeles, lo obtuvo Julio Herranz por Con alas y a lo loco y el a\u00f1o pasado, cuyo tema eran los espejos, se alz\u00f3 con el premio Antonio Rivero Taravillo por Especulaciones ciegas.<\/p>\n<p>VIRGINIA AGUILAR BAUTISTA<br \/>\nVirginia Aguilar Bautista, (M\u00e1laga 1977). Es licenciada en Derecho por la Universidad de M\u00e1laga y M\u00e1ster en Urbanismo. Obtuvo una menci\u00f3n especial por Poemas al Vac\u00edo en la Muestra Andaluza de Literatura Joven M\u00e1laga Crea 2009. Fue finalista con S\u00f3lo digo una cosa de La Voz + Joven 2009, certamen po\u00e9tico convocado por Caja Madrid. Ha sido galardonada con el primer premio de Andaluc\u00eda Joven 2009, del Instituto Andaluz de la Juventud por su obra Seguir un buz\u00f3n, publicada por la Editorial Renacimiento en 2010.<\/p>\n<p><a href=\"https:\/\/fundacionrafaelperezestrada.com\/wp-content\/uploads\/2016\/08\/fpe_aforismos_jurado2018_0001.pdf\">ACTA JURADO<\/a>[\/vc_column_text][\/vc_column][vc_column][\/vc_column][\/vc_row][vc_row][vc_column][vc_column_text][\/vc_column_text][\/vc_column][\/vc_row]<\/p>\n","protected":false},"excerpt":{"rendered":"<p>[vc_row css=\u00bb.vc_custom_1470150319453{margin-top: 0px !important;margin-right: 20px !important;margin-bottom: 0px !important;margin-left: 20px !important;border-top-width: 0px !important;border-right-width: 0px !important;border-bottom-width: 0px !important;border-left-width: 0px !important;padding-top: 0px !important;padding-right: 0px !important;padding-bottom: 0px !important;padding-left: 0px !important;}\u00bb][vc_column css=\u00bb.vc_custom_1450613073543{margin-top: 0px !important;margin-right: 0px !important;margin-bottom: 0px !important;margin-left: 0px !important;border-top-width: 0px !important;border-right-width: 0px !important;border-bottom-width: 0px !important;border-left-width: 0px !important;padding-top: 0px !important;padding-right: 0px !important;padding-bottom: 0px !important;padding-left: 0px !important;}\u00bb][vc_column_text css_animation=\u00bbbottom-to-top\u00bb css=\u00bb.vc_custom_1538292856295{margin-top: 0px !important;margin-bottom: 0px !important;border-top-width: 0px !important;border-bottom-width: 0px !important;padding-top: 20px !important;padding-right: 20px !important;padding-bottom: 20px !important;}\u00bb]<\/p>\n<h1 style=\"text-align: center;\">Bases del\u00a0Tercer\u00a0Premio <\/h1>\n<h1 style=\"text-align: center;\">Rafael P\u00e9rez Estrada de Aforismos 2018<\/h1>\n<p>[\/vc_column_text][vc_column_text css_animation=\u00bbbottom-to-top\u00bb css=\u00bb.vc_custom_1538292753506{margin-top: 0px !important;border-top-width: 0px !important;padding-top: 0px !important;padding-right: 20px !important;}\u00bb]La Fundaci\u00f3n P\u00fablica Local \u201cRafael P\u00e9rez Estrada\u201d convoca la tercera edici\u00f3n del PREMIO RAFAEL PEREZ ESTRADA DE AFORISMOS 2018.<\/p>\n","protected":false},"author":2,"featured_media":0,"parent":0,"menu_order":39,"comment_status":"closed","ping_status":"closed","template":"","meta":{"om_disable_all_campaigns":false,"_monsterinsights_skip_tracking":false,"_monsterinsights_sitenote_active":false,"_monsterinsights_sitenote_note":"","_monsterinsights_sitenote_category":0,"footnotes":""},"class_list":["post-575","page","type-page","status-publish","hentry"],"aioseo_notices":[],"yoast_head":"<!-- This site is optimized with the Yoast SEO plugin v26.8 - https:\/\/yoast.com\/product\/yoast-seo-wordpress\/ -->\n<title>PREMIO DE AFORISMOS - FUNDACI\u00d3N RAFAEL P\u00c9REZ ESTRADA<\/title>\n<meta name=\"robots\" content=\"index, follow, max-snippet:-1, max-image-preview:large, max-video-preview:-1\" \/>\n<link rel=\"canonical\" href=\"https:\/\/fundacionrafaelperezestrada.com\/index.php\/premio-de-aforismos\/\" \/>\n<meta property=\"og:locale\" content=\"es_ES\" \/>\n<meta property=\"og:type\" content=\"article\" \/>\n<meta property=\"og:title\" content=\"PREMIO DE AFORISMOS - FUNDACI\u00d3N RAFAEL P\u00c9REZ ESTRADA\" \/>\n<meta property=\"og:description\" content=\"[vc_row css=\u00bb.vc_custom_1470150319453{margin-top: 0px !important;margin-right: 20px !important;margin-bottom: 0px !important;margin-left: 20px !important;border-top-width: 0px !important;border-right-width: 0px !important;border-bottom-width: 0px !important;border-left-width: 0px !important;padding-top: 0px !important;padding-right: 0px !important;padding-bottom: 0px !important;padding-left: 0px !important;}\u00bb][vc_column css=\u00bb.vc_custom_1450613073543{margin-top: 0px !important;margin-right: 0px !important;margin-bottom: 0px !important;margin-left: 0px !important;border-top-width: 0px !important;border-right-width: 0px !important;border-bottom-width: 0px !important;border-left-width: 0px !important;padding-top: 0px !important;padding-right: 0px !important;padding-bottom: 0px !important;padding-left: 0px !important;}\u00bb][vc_column_text css_animation=\u00bbbottom-to-top\u00bb css=\u00bb.vc_custom_1538292856295{margin-top: 0px !important;margin-bottom: 0px !important;border-top-width: 0px !important;border-bottom-width: 0px !important;padding-top: 20px !important;padding-right: 20px !important;padding-bottom: 20px !important;}\u00bb] Bases del\u00a0Tercer\u00a0Premio Rafael P\u00e9rez Estrada de Aforismos 2018 [\/vc_column_text][vc_column_text css_animation=\u00bbbottom-to-top\u00bb css=\u00bb.vc_custom_1538292753506{margin-top: 0px !important;border-top-width: 0px !important;padding-top: 0px !important;padding-right: 20px !important;}\u00bb]La Fundaci\u00f3n P\u00fablica Local \u201cRafael P\u00e9rez Estrada\u201d convoca la tercera edici\u00f3n del PREMIO RAFAEL PEREZ ESTRADA DE AFORISMOS 2018.\" \/>\n<meta property=\"og:url\" content=\"https:\/\/fundacionrafaelperezestrada.com\/index.php\/premio-de-aforismos\/\" \/>\n<meta property=\"og:site_name\" content=\"FUNDACI\u00d3N RAFAEL P\u00c9REZ ESTRADA\" \/>\n<meta property=\"article:modified_time\" content=\"2018-11-30T11:41:16+00:00\" \/>\n<meta name=\"twitter:card\" content=\"summary_large_image\" \/>\n<meta name=\"twitter:label1\" content=\"Tiempo de lectura\" \/>\n\t<meta name=\"twitter:data1\" content=\"11 minutos\" \/>\n<script type=\"application\/ld+json\" class=\"yoast-schema-graph\">{\"@context\":\"https:\/\/schema.org\",\"@graph\":[{\"@type\":\"WebPage\",\"@id\":\"https:\/\/fundacionrafaelperezestrada.com\/index.php\/premio-de-aforismos\/\",\"url\":\"https:\/\/fundacionrafaelperezestrada.com\/index.php\/premio-de-aforismos\/\",\"name\":\"PREMIO DE AFORISMOS - FUNDACI\u00d3N RAFAEL P\u00c9REZ ESTRADA\",\"isPartOf\":{\"@id\":\"https:\/\/fundacionrafaelperezestrada.com\/#website\"},\"datePublished\":\"2016-08-02T15:03:24+00:00\",\"dateModified\":\"2018-11-30T11:41:16+00:00\",\"breadcrumb\":{\"@id\":\"https:\/\/fundacionrafaelperezestrada.com\/index.php\/premio-de-aforismos\/#breadcrumb\"},\"inLanguage\":\"es\",\"potentialAction\":[{\"@type\":\"ReadAction\",\"target\":[\"https:\/\/fundacionrafaelperezestrada.com\/index.php\/premio-de-aforismos\/\"]}]},{\"@type\":\"BreadcrumbList\",\"@id\":\"https:\/\/fundacionrafaelperezestrada.com\/index.php\/premio-de-aforismos\/#breadcrumb\",\"itemListElement\":[{\"@type\":\"ListItem\",\"position\":1,\"name\":\"Portada\",\"item\":\"https:\/\/fundacionrafaelperezestrada.com\/\"},{\"@type\":\"ListItem\",\"position\":2,\"name\":\"PREMIO DE AFORISMOS\"}]},{\"@type\":\"WebSite\",\"@id\":\"https:\/\/fundacionrafaelperezestrada.com\/#website\",\"url\":\"https:\/\/fundacionrafaelperezestrada.com\/\",\"name\":\"FUNDACI\u00d3N RAFAEL P\u00c9REZ ESTRADA\",\"description\":\"\",\"potentialAction\":[{\"@type\":\"SearchAction\",\"target\":{\"@type\":\"EntryPoint\",\"urlTemplate\":\"https:\/\/fundacionrafaelperezestrada.com\/?s={search_term_string}\"},\"query-input\":{\"@type\":\"PropertyValueSpecification\",\"valueRequired\":true,\"valueName\":\"search_term_string\"}}],\"inLanguage\":\"es\"}]}<\/script>\n<!-- \/ Yoast SEO plugin. -->","yoast_head_json":{"title":"PREMIO DE AFORISMOS - FUNDACI\u00d3N RAFAEL P\u00c9REZ ESTRADA","robots":{"index":"index","follow":"follow","max-snippet":"max-snippet:-1","max-image-preview":"max-image-preview:large","max-video-preview":"max-video-preview:-1"},"canonical":"https:\/\/fundacionrafaelperezestrada.com\/index.php\/premio-de-aforismos\/","og_locale":"es_ES","og_type":"article","og_title":"PREMIO DE AFORISMOS - FUNDACI\u00d3N RAFAEL P\u00c9REZ ESTRADA","og_description":"[vc_row css=\u00bb.vc_custom_1470150319453{margin-top: 0px !important;margin-right: 20px !important;margin-bottom: 0px !important;margin-left: 20px !important;border-top-width: 0px !important;border-right-width: 0px !important;border-bottom-width: 0px !important;border-left-width: 0px !important;padding-top: 0px !important;padding-right: 0px !important;padding-bottom: 0px !important;padding-left: 0px !important;}\u00bb][vc_column css=\u00bb.vc_custom_1450613073543{margin-top: 0px !important;margin-right: 0px !important;margin-bottom: 0px !important;margin-left: 0px !important;border-top-width: 0px !important;border-right-width: 0px !important;border-bottom-width: 0px !important;border-left-width: 0px !important;padding-top: 0px !important;padding-right: 0px !important;padding-bottom: 0px !important;padding-left: 0px !important;}\u00bb][vc_column_text css_animation=\u00bbbottom-to-top\u00bb css=\u00bb.vc_custom_1538292856295{margin-top: 0px !important;margin-bottom: 0px !important;border-top-width: 0px !important;border-bottom-width: 0px !important;padding-top: 20px !important;padding-right: 20px !important;padding-bottom: 20px !important;}\u00bb] Bases del\u00a0Tercer\u00a0Premio Rafael P\u00e9rez Estrada de Aforismos 2018 [\/vc_column_text][vc_column_text css_animation=\u00bbbottom-to-top\u00bb css=\u00bb.vc_custom_1538292753506{margin-top: 0px !important;border-top-width: 0px !important;padding-top: 0px !important;padding-right: 20px !important;}\u00bb]La Fundaci\u00f3n P\u00fablica Local \u201cRafael P\u00e9rez Estrada\u201d convoca la tercera edici\u00f3n del PREMIO RAFAEL PEREZ ESTRADA DE AFORISMOS 2018.","og_url":"https:\/\/fundacionrafaelperezestrada.com\/index.php\/premio-de-aforismos\/","og_site_name":"FUNDACI\u00d3N RAFAEL P\u00c9REZ ESTRADA","article_modified_time":"2018-11-30T11:41:16+00:00","twitter_card":"summary_large_image","twitter_misc":{"Tiempo de lectura":"11 minutos"},"schema":{"@context":"https:\/\/schema.org","@graph":[{"@type":"WebPage","@id":"https:\/\/fundacionrafaelperezestrada.com\/index.php\/premio-de-aforismos\/","url":"https:\/\/fundacionrafaelperezestrada.com\/index.php\/premio-de-aforismos\/","name":"PREMIO DE AFORISMOS - FUNDACI\u00d3N RAFAEL P\u00c9REZ ESTRADA","isPartOf":{"@id":"https:\/\/fundacionrafaelperezestrada.com\/#website"},"datePublished":"2016-08-02T15:03:24+00:00","dateModified":"2018-11-30T11:41:16+00:00","breadcrumb":{"@id":"https:\/\/fundacionrafaelperezestrada.com\/index.php\/premio-de-aforismos\/#breadcrumb"},"inLanguage":"es","potentialAction":[{"@type":"ReadAction","target":["https:\/\/fundacionrafaelperezestrada.com\/index.php\/premio-de-aforismos\/"]}]},{"@type":"BreadcrumbList","@id":"https:\/\/fundacionrafaelperezestrada.com\/index.php\/premio-de-aforismos\/#breadcrumb","itemListElement":[{"@type":"ListItem","position":1,"name":"Portada","item":"https:\/\/fundacionrafaelperezestrada.com\/"},{"@type":"ListItem","position":2,"name":"PREMIO DE AFORISMOS"}]},{"@type":"WebSite","@id":"https:\/\/fundacionrafaelperezestrada.com\/#website","url":"https:\/\/fundacionrafaelperezestrada.com\/","name":"FUNDACI\u00d3N RAFAEL P\u00c9REZ ESTRADA","description":"","potentialAction":[{"@type":"SearchAction","target":{"@type":"EntryPoint","urlTemplate":"https:\/\/fundacionrafaelperezestrada.com\/?s={search_term_string}"},"query-input":{"@type":"PropertyValueSpecification","valueRequired":true,"valueName":"search_term_string"}}],"inLanguage":"es"}]}},"_links":{"self":[{"href":"https:\/\/fundacionrafaelperezestrada.com\/index.php\/wp-json\/wp\/v2\/pages\/575","targetHints":{"allow":["GET"]}}],"collection":[{"href":"https:\/\/fundacionrafaelperezestrada.com\/index.php\/wp-json\/wp\/v2\/pages"}],"about":[{"href":"https:\/\/fundacionrafaelperezestrada.com\/index.php\/wp-json\/wp\/v2\/types\/page"}],"author":[{"embeddable":true,"href":"https:\/\/fundacionrafaelperezestrada.com\/index.php\/wp-json\/wp\/v2\/users\/2"}],"replies":[{"embeddable":true,"href":"https:\/\/fundacionrafaelperezestrada.com\/index.php\/wp-json\/wp\/v2\/comments?post=575"}],"version-history":[{"count":9,"href":"https:\/\/fundacionrafaelperezestrada.com\/index.php\/wp-json\/wp\/v2\/pages\/575\/revisions"}],"predecessor-version":[{"id":979,"href":"https:\/\/fundacionrafaelperezestrada.com\/index.php\/wp-json\/wp\/v2\/pages\/575\/revisions\/979"}],"wp:attachment":[{"href":"https:\/\/fundacionrafaelperezestrada.com\/index.php\/wp-json\/wp\/v2\/media?parent=575"}],"curies":[{"name":"wp","href":"https:\/\/api.w.org\/{rel}","templated":true}]}}